{"id":630,"date":"2013-06-18T10:20:11","date_gmt":"2013-06-18T10:20:11","guid":{"rendered":"https:\/\/rideto.es\/?page_id=630"},"modified":"2018-06-14T11:38:14","modified_gmt":"2018-06-14T11:38:14","slug":"caravan-line-by-rideto","status":"publish","type":"page","link":"https:\/\/rideto.es\/?page_id=630","title":{"rendered":"Caravan line"},"content":{"rendered":"<p style=\"text-align: justify;\"><strong>Bajera ajustable para colch\u00f3n de caravana, autocaravana\/motorhome y mobilhome.<\/strong><\/p>\n<p style=\"text-align: justify;\">Hemos ampliado nuestra linea de confecci\u00f3n especial con <a href=\"https:\/\/www.ridetoonline.es\/tienda\/es\/97-caravanas\">Caravan line by RIDETO<\/a>. Los colchones de la caravanas, la mayor\u00eda de ellas, tienen medidas especiales en el largo, el ancho y en la altura del\u00a0colch\u00f3n, adem\u00e1s de presentar formas irregulares.<\/p>\n<p style=\"text-align: justify;\">Resulta muy dif\u00edcil encontrar unas s\u00e1banas y sobre todo las bajeras ajustables que se ajusten a cada medida de los diferentes fabricantes.<\/p>\n<p style=\"text-align: justify;\">Por eso ahora desde RIDETO queremos haceros los viajes mucho m\u00e1s confortables.<\/p>\n<p style=\"text-align: justify;\">Es muy sencillo, nos pod\u00e9is facilitar las medidas mediante un croquis o tambi\u00e9n podemos averiguar las medidas de sus colchones si nos facilitas el modelo y el a\u00f1o de fabricaci\u00f3n de su mobilhome, caravana o autocaravana.<\/p>\n<p style=\"text-align: justify;\">Para la confecci\u00f3n de las bajeras ajustables a medida, utilizamos nuestro tejido de extraordinaria calidad de punto 100% Algod\u00f3n Tricot Jersey. Son ideales para el verano tanto c\u00f3mo para el invierno, gracias a sus fibras naturales especialmente seleccionadas. El algod\u00f3n tricot Jersey es muy transpirable y muy suave al tacto lo que facilita su descanso y su confort.\u00a0Cr\u00e9annos, quien las prueba repite tanto para su caravana como para el hogar.<\/p>\n<p style=\"text-align: justify;\">Nuestras s\u00e1banas y bajeras ajustables de punto \u00a0son el complemento ideal para poder descansar mucho mejor durante sus viajes y hacerles sus rutas m\u00e1s relajadas.<\/p>\n<p style=\"text-align: justify;\">Puedes solicitarnos toda la informaci\u00f3n que necesites poni\u00e9ndote en contacto con nosotras en ridetoonline@gmail.com\u00a0o al tel\u00e9fono +34 658 83 97 44, donde estaremos encantadas de atenderos personalmente.<\/p>\n<p style=\"text-align: justify;\"><strong>\u00a0<\/strong><\/p>\n","protected":false},"excerpt":{"rendered":"<p>Bajera ajustable para colch\u00f3n de caravana, autocaravana\/motorhome y mobilhome. Hemos ampliado nuestra linea de confecci\u00f3n especial con Caravan line by RIDETO. Los colchones de la caravanas, la mayor\u00eda de ellas, tienen medidas especiales en el largo, el ancho y en la altura del\u00a0colch\u00f3n, adem\u00e1s de presentar formas irregulares. Resulta muy dif\u00edcil encontrar unas s\u00e1banas y [&hellip;]<\/p>\n","protected":false},"author":2,"featured_media":0,"parent":0,"menu_order":0,"comment_status":"open","ping_status":"open","template":"","meta":{"_et_pb_use_builder":"","_et_pb_old_content":"","_et_gb_content_width":""},"yoast_head":"<!-- This site is optimized with the Yoast SEO plugin v20.1 - https:\/\/yoast.com\/wordpress\/plugins\/seo\/ -->\n<title>Caravan line - Rideto Atelier | Blog<\/title>\n<meta name=\"robots\" content=\"index, follow, max-snippet:-1, max-image-preview:large, max-video-preview:-1\" \/>\n<link rel=\"canonical\" href=\"https:\/\/rideto.es\/?page_id=630\" \/>\n<meta property=\"og:locale\" content=\"es_ES\" \/>\n<meta property=\"og:type\" content=\"article\" \/>\n<meta property=\"og:title\" content=\"Caravan line - Rideto Atelier | Blog\" \/>\n<meta property=\"og:description\" content=\"Bajera ajustable para colch\u00f3n de caravana, autocaravana\/motorhome y mobilhome. Hemos ampliado nuestra linea de confecci\u00f3n especial con Caravan line by RIDETO. Los colchones de la caravanas, la mayor\u00eda de ellas, tienen medidas especiales en el largo, el ancho y en la altura del\u00a0colch\u00f3n, adem\u00e1s de presentar formas irregulares. Resulta muy dif\u00edcil encontrar unas s\u00e1banas y [&hellip;]\" \/>\n<meta property=\"og:url\" content=\"https:\/\/rideto.es\/?page_id=630\" \/>\n<meta property=\"og:site_name\" content=\"Rideto Atelier | Blog\" \/>\n<meta property=\"article:modified_time\" content=\"2018-06-14T11:38:14+00:00\" \/>\n<meta name=\"twitter:card\" content=\"summary_large_image\" \/>\n<meta name=\"twitter:label1\" content=\"Tiempo de lectura\" \/>\n\t<meta name=\"twitter:data1\" content=\"1 minuto\" \/>\n<script type=\"application\/ld+json\" class=\"yoast-schema-graph\">{\"@context\":\"https:\/\/schema.org\",\"@graph\":[{\"@type\":\"WebPage\",\"@id\":\"https:\/\/rideto.es\/?page_id=630\",\"url\":\"https:\/\/rideto.es\/?page_id=630\",\"name\":\"Caravan line - Rideto Atelier | Blog\",\"isPartOf\":{\"@id\":\"https:\/\/rideto.es\/#website\"},\"datePublished\":\"2013-06-18T10:20:11+00:00\",\"dateModified\":\"2018-06-14T11:38:14+00:00\",\"breadcrumb\":{\"@id\":\"https:\/\/rideto.es\/?page_id=630#breadcrumb\"},\"inLanguage\":\"es\",\"potentialAction\":[{\"@type\":\"ReadAction\",\"target\":[\"https:\/\/rideto.es\/?page_id=630\"]}]},{\"@type\":\"BreadcrumbList\",\"@id\":\"https:\/\/rideto.es\/?page_id=630#breadcrumb\",\"itemListElement\":[{\"@type\":\"ListItem\",\"position\":1,\"name\":\"Portada\",\"item\":\"https:\/\/rideto.es\/\"},{\"@type\":\"ListItem\",\"position\":2,\"name\":\"Caravan line\"}]},{\"@type\":\"WebSite\",\"@id\":\"https:\/\/rideto.es\/#website\",\"url\":\"https:\/\/rideto.es\/\",\"name\":\"Rideto Atelier | Blog\",\"description\":\"\",\"potentialAction\":[{\"@type\":\"SearchAction\",\"target\":{\"@type\":\"EntryPoint\",\"urlTemplate\":\"https:\/\/rideto.es\/?s={search_term_string}\"},\"query-input\":\"required name=search_term_string\"}],\"inLanguage\":\"es\"}]}<\/script>\n<!-- \/ Yoast SEO plugin. -->","yoast_head_json":{"title":"Caravan line - Rideto Atelier | Blog","robots":{"index":"index","follow":"follow","max-snippet":"max-snippet:-1","max-image-preview":"max-image-preview:large","max-video-preview":"max-video-preview:-1"},"canonical":"https:\/\/rideto.es\/?page_id=630","og_locale":"es_ES","og_type":"article","og_title":"Caravan line - Rideto Atelier | Blog","og_description":"Bajera ajustable para colch\u00f3n de caravana, autocaravana\/motorhome y mobilhome. Hemos ampliado nuestra linea de confecci\u00f3n especial con Caravan line by RIDETO. Los colchones de la caravanas, la mayor\u00eda de ellas, tienen medidas especiales en el largo, el ancho y en la altura del\u00a0colch\u00f3n, adem\u00e1s de presentar formas irregulares. Resulta muy dif\u00edcil encontrar unas s\u00e1banas y [&hellip;]","og_url":"https:\/\/rideto.es\/?page_id=630","og_site_name":"Rideto Atelier | Blog","article_modified_time":"2018-06-14T11:38:14+00:00","twitter_card":"summary_large_image","twitter_misc":{"Tiempo de lectura":"1 minuto"},"schema":{"@context":"https:\/\/schema.org","@graph":[{"@type":"WebPage","@id":"https:\/\/rideto.es\/?page_id=630","url":"https:\/\/rideto.es\/?page_id=630","name":"Caravan line - Rideto Atelier | Blog","isPartOf":{"@id":"https:\/\/rideto.es\/#website"},"datePublished":"2013-06-18T10:20:11+00:00","dateModified":"2018-06-14T11:38:14+00:00","breadcrumb":{"@id":"https:\/\/rideto.es\/?page_id=630#breadcrumb"},"inLanguage":"es","potentialAction":[{"@type":"ReadAction","target":["https:\/\/rideto.es\/?page_id=630"]}]},{"@type":"BreadcrumbList","@id":"https:\/\/rideto.es\/?page_id=630#breadcrumb","itemListElement":[{"@type":"ListItem","position":1,"name":"Portada","item":"https:\/\/rideto.es\/"},{"@type":"ListItem","position":2,"name":"Caravan line"}]},{"@type":"WebSite","@id":"https:\/\/rideto.es\/#website","url":"https:\/\/rideto.es\/","name":"Rideto Atelier | Blog","description":"","potentialAction":[{"@type":"SearchAction","target":{"@type":"EntryPoint","urlTemplate":"https:\/\/rideto.es\/?s={search_term_string}"},"query-input":"required name=search_term_string"}],"inLanguage":"es"}]}},"_links":{"self":[{"href":"https:\/\/rideto.es\/index.php?rest_route=\/wp\/v2\/pages\/630"}],"collection":[{"href":"https:\/\/rideto.es\/index.php?rest_route=\/wp\/v2\/pages"}],"about":[{"href":"https:\/\/rideto.es\/index.php?rest_route=\/wp\/v2\/types\/page"}],"author":[{"embeddable":true,"href":"https:\/\/rideto.es\/index.php?rest_route=\/wp\/v2\/users\/2"}],"replies":[{"embeddable":true,"href":"https:\/\/rideto.es\/index.php?rest_route=%2Fwp%2Fv2%2Fcomments&post=630"}],"version-history":[{"count":7,"href":"https:\/\/rideto.es\/index.php?rest_route=\/wp\/v2\/pages\/630\/revisions"}],"predecessor-version":[{"id":1839,"href":"https:\/\/rideto.es\/index.php?rest_route=\/wp\/v2\/pages\/630\/revisions\/1839"}],"wp:attachment":[{"href":"https:\/\/rideto.es\/index.php?rest_route=%2Fwp%2Fv2%2Fmedia&parent=630"}],"curies":[{"name":"wp","href":"https:\/\/api.w.org\/{rel}","templated":true}]}}