{"id":1863,"date":"2018-06-14T13:09:03","date_gmt":"2018-06-14T13:09:03","guid":{"rendered":"https:\/\/rideto.es\/?page_id=1863"},"modified":"2018-06-14T13:11:05","modified_gmt":"2018-06-14T13:11:05","slug":"barcos-y-yates","status":"publish","type":"page","link":"https:\/\/rideto.es\/?page_id=1863","title":{"rendered":"Barcos y Yates"},"content":{"rendered":"<p>Nuestras modistas especializadas en la confecci\u00f3n de ropa de cama para los camarotes de barcos y yates hacen que descansar en su barco sea tan c\u00f3modo c\u00f3mo el de su hogar.<\/p>\n<p>Llevamos 16 a\u00f1os confeccionando de ropa de cama personalizada para todas la formas de los camarotes de barcos, veleros y yates. Disponemos de una gran variedad de tejidos para fabricarles, bajeras ajustables, protectores de colch\u00f3n de algod\u00f3n e impermeables, s\u00e1banas encimeras, colchas ajustables entre otros art\u00edculos.<\/p>\n<p>Especialmente en los casos de los veleros nos encontramos con formas muy irregulares. Simplemente les pedimos nos faciliten las medidas y unas im\u00e1genes de sus camarotes\u00a0 y nosotras nos encargamos del resto.<\/p>\n<p>La colecci\u00f3n de <strong><a href=\"https:\/\/www.ridetoonline.es\/tienda\/es\/116-camarote-barcos\">Rideto Nautic line<\/a><\/strong> est\u00e1 al alcance de todo el mundo. Les invitamos a visitar nuestro taller on-line, ver\u00e1n todos los art\u00edculos traducidos en 4 idiomas. Gracias a sus opiniones estamos transmitiendo la misma confianza que ustedes depositan en nosotras.<\/p>\n<p>&nbsp;<\/p>\n<p>&nbsp;<\/p>\n<p>&nbsp;<\/p>\n","protected":false},"excerpt":{"rendered":"<p>Nuestras modistas especializadas en la confecci\u00f3n de ropa de cama para los camarotes de barcos y yates hacen que descansar en su barco sea tan c\u00f3modo c\u00f3mo el de su hogar. Llevamos 16 a\u00f1os confeccionando de ropa de cama personalizada para todas la formas de los camarotes de barcos, veleros y yates. Disponemos de una [&hellip;]<\/p>\n","protected":false},"author":2,"featured_media":0,"parent":0,"menu_order":0,"comment_status":"closed","ping_status":"closed","template":"","meta":{"_et_pb_use_builder":"","_et_pb_old_content":"","_et_gb_content_width":""},"yoast_head":"<!-- This site is optimized with the Yoast SEO plugin v20.1 - https:\/\/yoast.com\/wordpress\/plugins\/seo\/ -->\n<title>Barcos y Yates - Rideto Atelier | Blog<\/title>\n<meta name=\"robots\" content=\"index, follow, max-snippet:-1, max-image-preview:large, max-video-preview:-1\" \/>\n<link rel=\"canonical\" href=\"https:\/\/rideto.es\/?page_id=1863\" \/>\n<meta property=\"og:locale\" content=\"es_ES\" \/>\n<meta property=\"og:type\" content=\"article\" \/>\n<meta property=\"og:title\" content=\"Barcos y Yates - Rideto Atelier | Blog\" \/>\n<meta property=\"og:description\" content=\"Nuestras modistas especializadas en la confecci\u00f3n de ropa de cama para los camarotes de barcos y yates hacen que descansar en su barco sea tan c\u00f3modo c\u00f3mo el de su hogar. Llevamos 16 a\u00f1os confeccionando de ropa de cama personalizada para todas la formas de los camarotes de barcos, veleros y yates. Disponemos de una [&hellip;]\" \/>\n<meta property=\"og:url\" content=\"https:\/\/rideto.es\/?page_id=1863\" \/>\n<meta property=\"og:site_name\" content=\"Rideto Atelier | Blog\" \/>\n<meta property=\"article:modified_time\" content=\"2018-06-14T13:11:05+00:00\" \/>\n<meta name=\"twitter:card\" content=\"summary_large_image\" \/>\n<meta name=\"twitter:label1\" content=\"Tiempo de lectura\" \/>\n\t<meta name=\"twitter:data1\" content=\"1 minuto\" \/>\n<script type=\"application\/ld+json\" class=\"yoast-schema-graph\">{\"@context\":\"https:\/\/schema.org\",\"@graph\":[{\"@type\":\"WebPage\",\"@id\":\"https:\/\/rideto.es\/?page_id=1863\",\"url\":\"https:\/\/rideto.es\/?page_id=1863\",\"name\":\"Barcos y Yates - Rideto Atelier | Blog\",\"isPartOf\":{\"@id\":\"https:\/\/rideto.es\/#website\"},\"datePublished\":\"2018-06-14T13:09:03+00:00\",\"dateModified\":\"2018-06-14T13:11:05+00:00\",\"breadcrumb\":{\"@id\":\"https:\/\/rideto.es\/?page_id=1863#breadcrumb\"},\"inLanguage\":\"es\",\"potentialAction\":[{\"@type\":\"ReadAction\",\"target\":[\"https:\/\/rideto.es\/?page_id=1863\"]}]},{\"@type\":\"BreadcrumbList\",\"@id\":\"https:\/\/rideto.es\/?page_id=1863#breadcrumb\",\"itemListElement\":[{\"@type\":\"ListItem\",\"position\":1,\"name\":\"Portada\",\"item\":\"https:\/\/rideto.es\/\"},{\"@type\":\"ListItem\",\"position\":2,\"name\":\"Barcos y Yates\"}]},{\"@type\":\"WebSite\",\"@id\":\"https:\/\/rideto.es\/#website\",\"url\":\"https:\/\/rideto.es\/\",\"name\":\"Rideto Atelier | Blog\",\"description\":\"\",\"potentialAction\":[{\"@type\":\"SearchAction\",\"target\":{\"@type\":\"EntryPoint\",\"urlTemplate\":\"https:\/\/rideto.es\/?s={search_term_string}\"},\"query-input\":\"required name=search_term_string\"}],\"inLanguage\":\"es\"}]}<\/script>\n<!-- \/ Yoast SEO plugin. -->","yoast_head_json":{"title":"Barcos y Yates - Rideto Atelier | Blog","robots":{"index":"index","follow":"follow","max-snippet":"max-snippet:-1","max-image-preview":"max-image-preview:large","max-video-preview":"max-video-preview:-1"},"canonical":"https:\/\/rideto.es\/?page_id=1863","og_locale":"es_ES","og_type":"article","og_title":"Barcos y Yates - Rideto Atelier | Blog","og_description":"Nuestras modistas especializadas en la confecci\u00f3n de ropa de cama para los camarotes de barcos y yates hacen que descansar en su barco sea tan c\u00f3modo c\u00f3mo el de su hogar. Llevamos 16 a\u00f1os confeccionando de ropa de cama personalizada para todas la formas de los camarotes de barcos, veleros y yates. Disponemos de una [&hellip;]","og_url":"https:\/\/rideto.es\/?page_id=1863","og_site_name":"Rideto Atelier | Blog","article_modified_time":"2018-06-14T13:11:05+00:00","twitter_card":"summary_large_image","twitter_misc":{"Tiempo de lectura":"1 minuto"},"schema":{"@context":"https:\/\/schema.org","@graph":[{"@type":"WebPage","@id":"https:\/\/rideto.es\/?page_id=1863","url":"https:\/\/rideto.es\/?page_id=1863","name":"Barcos y Yates - Rideto Atelier | Blog","isPartOf":{"@id":"https:\/\/rideto.es\/#website"},"datePublished":"2018-06-14T13:09:03+00:00","dateModified":"2018-06-14T13:11:05+00:00","breadcrumb":{"@id":"https:\/\/rideto.es\/?page_id=1863#breadcrumb"},"inLanguage":"es","potentialAction":[{"@type":"ReadAction","target":["https:\/\/rideto.es\/?page_id=1863"]}]},{"@type":"BreadcrumbList","@id":"https:\/\/rideto.es\/?page_id=1863#breadcrumb","itemListElement":[{"@type":"ListItem","position":1,"name":"Portada","item":"https:\/\/rideto.es\/"},{"@type":"ListItem","position":2,"name":"Barcos y Yates"}]},{"@type":"WebSite","@id":"https:\/\/rideto.es\/#website","url":"https:\/\/rideto.es\/","name":"Rideto Atelier | Blog","description":"","potentialAction":[{"@type":"SearchAction","target":{"@type":"EntryPoint","urlTemplate":"https:\/\/rideto.es\/?s={search_term_string}"},"query-input":"required name=search_term_string"}],"inLanguage":"es"}]}},"_links":{"self":[{"href":"https:\/\/rideto.es\/index.php?rest_route=\/wp\/v2\/pages\/1863"}],"collection":[{"href":"https:\/\/rideto.es\/index.php?rest_route=\/wp\/v2\/pages"}],"about":[{"href":"https:\/\/rideto.es\/index.php?rest_route=\/wp\/v2\/types\/page"}],"author":[{"embeddable":true,"href":"https:\/\/rideto.es\/index.php?rest_route=\/wp\/v2\/users\/2"}],"replies":[{"embeddable":true,"href":"https:\/\/rideto.es\/index.php?rest_route=%2Fwp%2Fv2%2Fcomments&post=1863"}],"version-history":[{"count":2,"href":"https:\/\/rideto.es\/index.php?rest_route=\/wp\/v2\/pages\/1863\/revisions"}],"predecessor-version":[{"id":1865,"href":"https:\/\/rideto.es\/index.php?rest_route=\/wp\/v2\/pages\/1863\/revisions\/1865"}],"wp:attachment":[{"href":"https:\/\/rideto.es\/index.php?rest_route=%2Fwp%2Fv2%2Fmedia&parent=1863"}],"curies":[{"name":"wp","href":"https:\/\/api.w.org\/{rel}","templated":true}]}}